{"id":9,"date":"2024-09-30T11:10:37","date_gmt":"2024-09-30T11:10:37","guid":{"rendered":"https:\/\/centrodiaisol.isolmurcia.org\/?page_id=9"},"modified":"2024-10-02T12:21:17","modified_gmt":"2024-10-02T12:21:17","slug":"inicio","status":"publish","type":"page","link":"https:\/\/centrodiaisol.isolmurcia.org\/","title":{"rendered":"Inicio"},"content":{"rendered":"<p>[et_pb_section fb_built=\u00bb1&#8243; admin_label=\u00bbHeader\u00bb _builder_version=\u00bb4.27.2&#8243; _module_preset=\u00bbdefault\u00bb use_background_color_gradient=\u00bbon\u00bb background_color_gradient_stops=\u00bbrgba(107,107,107,0.36) 0%|rgba(143,143,143,0.36) 100%\u00bb background_color_gradient_overlays_image=\u00bbon\u00bb background_image=\u00bbhttps:\/\/centrodiaisol.isolmurcia.org\/wp-content\/uploads\/2024\/10\/people-2590616_1280.jpg\u00bb min_height=\u00bb500px\u00bb height=\u00bb87vh\u00bb custom_padding=\u00bb0vw||0vw||true|false\u00bb hover_enabled=\u00bb0&#8243; collapsed=\u00bbon\u00bb global_colors_info=\u00bb{}\u00bb sticky_enabled=\u00bb0&#8243;][et_pb_row _builder_version=\u00bb4.27.0&#8243; _module_preset=\u00bbdefault\u00bb positioning=\u00bbabsolute\u00bb position_origin_a=\u00bbcenter_left\u00bb width=\u00bb50%\u00bb width_tablet=\u00bb80%\u00bb width_phone=\u00bb80%\u00bb width_last_edited=\u00bbon|desktop\u00bb max_width=\u00bbnone\u00bb global_colors_info=\u00bb{}\u00bb][et_pb_column type=\u00bb4_4&#8243; _builder_version=\u00bb4.24.3&#8243; _module_preset=\u00bbdefault\u00bb global_colors_info=\u00bb{}\u00bb][et_pb_heading title=\u00bbCENTRO DE D\u00cdA CONDUCTAS ADICTIVAS ISOL\u00bb _builder_version=\u00bb4.27.2&#8243; _module_preset=\u00bb74b28fd1-1a35-44b2-87ae-a36ba563c203&#8243; title_text_align=\u00bbright\u00bb title_text_color=\u00bb#FFFFFF\u00bb title_font_size=\u00bb4vw\u00bb title_line_height=\u00bb1em\u00bb custom_margin=\u00bb|0px|10px|32px|false|false\u00bb custom_padding=\u00bb|||0px|false|false\u00bb global_colors_info=\u00bb{}\u00bb][\/et_pb_heading][\/et_pb_column][\/et_pb_row][\/et_pb_section][et_pb_section fb_built=\u00bb1&#8243; admin_label=\u00bbHeader\u00bb module_id=\u00bbcentro\u00bb _builder_version=\u00bb4.27.0&#8243; _module_preset=\u00bbdefault\u00bb locked=\u00bboff\u00bb collapsed=\u00bbon\u00bb global_colors_info=\u00bb{}\u00bb][et_pb_row _builder_version=\u00bb4.24.3&#8243; _module_preset=\u00bbdefault\u00bb max_width=\u00bbnone\u00bb global_colors_info=\u00bb{}\u00bb][et_pb_column type=\u00bb4_4&#8243; _builder_version=\u00bb4.24.3&#8243; _module_preset=\u00bbdefault\u00bb global_colors_info=\u00bb{}\u00bb][et_pb_heading title=\u00bbCentro de d\u00eda\u00bb _builder_version=\u00bb4.27.0&#8243; _module_preset=\u00bbb8279eda-84ab-4a54-9e5b-cfdb50135a8d\u00bb title_text_align=\u00bbcenter\u00bb title_text_color=\u00bb#005f66&#8243; title_font_size=\u00bb40px\u00bb max_width=\u00bb1080%\u00bb global_colors_info=\u00bb{}\u00bb][\/et_pb_heading][\/et_pb_column][\/et_pb_row][et_pb_row column_structure=\u00bb2_3,1_3&#8243; _builder_version=\u00bb4.24.3&#8243; _module_preset=\u00bbdefault\u00bb max_width=\u00bbnone\u00bb custom_margin=\u00bb30px||30px||true|false\u00bb custom_margin_tablet=\u00bb0px||30px||false|false\u00bb custom_margin_phone=\u00bb0px||30px||false|false\u00bb custom_margin_last_edited=\u00bbon|tablet\u00bb global_colors_info=\u00bb{}\u00bb][et_pb_column type=\u00bb2_3&#8243; _builder_version=\u00bb4.24.3&#8243; _module_preset=\u00bbdefault\u00bb global_colors_info=\u00bb{}\u00bb][et_pb_image src=\u00bbhttps:\/\/centrodiaisol.isolmurcia.org\/wp-content\/uploads\/2024\/10\/sentado.jpg\u00bb title_text=\u00bbsentado\u00bb _builder_version=\u00bb4.27.2&#8243; _module_preset=\u00bbdefault\u00bb global_colors_info=\u00bb{}\u00bb][\/et_pb_image][\/et_pb_column][et_pb_column type=\u00bb1_3&#8243; _builder_version=\u00bb4.24.3&#8243; _module_preset=\u00bbdefault\u00bb global_colors_info=\u00bb{}\u00bb][et_pb_heading title=\u00bbCentro de D\u00eda Conductas Adictivas ISOL\u00bb _builder_version=\u00bb4.27.0&#8243; _module_preset=\u00bb992bf142-4441-4b0a-834e-3abb2e48314b\u00bb title_text_color=\u00bbgcid-3e93bdc5-146d-448e-a761-9f1b4dd51113&#8243; title_font_size=\u00bb22px\u00bb locked=\u00bboff\u00bb global_colors_info=\u00bb{%22gcid-3e93bdc5-146d-448e-a761-9f1b4dd51113%22:%91%22link_text_color%22,%22quote_border_color%22,%22title_text_color%22%93,%22gcid-c7d8f091-13fc-48ff-a161-01fd58ed72d5%22:%91%22quote_text_color%22,%22quote_text_color%22,%22quote_text_color%22%93}\u00bb][\/et_pb_heading][et_pb_text _builder_version=\u00bb4.27.0&#8243; _module_preset=\u00bb67e8f28d-a19d-4931-97fc-93e753630578&#8243; text_line_height=\u00bb1.3em\u00bb max_width=\u00bb1080px\u00bb locked=\u00bboff\u00bb global_colors_info=\u00bb{}\u00bb]<\/p>\n<p style=\"text-align: justify;\"><span>El Centro de D\u00eda de conductas adictivas \u201cISOL\u201d es un espacio dedicado a la recuperaci\u00f3n de personas con problemas de adicci\u00f3n y\/o patolog\u00eda dual.<\/span><\/p>\n<p style=\"text-align: justify;\"><span>Ofrecemos r\u00e9gimen de estancia diurna para promover la participaci\u00f3n activa de las personas en su proceso de deshabituaci\u00f3n y recuperaci\u00f3n sin que abandonen su entorno.<\/span><\/p>\n<p style=\"text-align: justify;\"><span>Con horario de 9.00 a 16.30.<\/span><\/p>\n<p style=\"text-align: justify;\"><span>Tratamiento m\u00e1ximo de 1 a\u00f1o.<\/span><\/p>\n<p>[\/et_pb_text][\/et_pb_column][\/et_pb_row][\/et_pb_section][et_pb_section fb_built=\u00bb1&#8243; admin_label=\u00bbContact Info\u00bb _builder_version=\u00bb4.27.0&#8243; _module_preset=\u00bbdefault\u00bb background_enable_color=\u00bboff\u00bb background_image=\u00bbhttps:\/\/centrodiaisol.isolmurcia.org\/wp-content\/uploads\/2024\/10\/terapia.jpg\u00bb parallax=\u00bbon\u00bb custom_padding=\u00bb22vw|10vw|15px|10vw|false|true\u00bb collapsed=\u00bbon\u00bb global_colors_info=\u00bb{}\u00bb][\/et_pb_section][et_pb_section fb_built=\u00bb1&#8243; admin_label=\u00bbGallery\u00bb module_id=\u00bbtratamiento\u00bb _builder_version=\u00bb4.27.0&#8243; _module_preset=\u00bbdefault\u00bb saved_tabs=\u00bball\u00bb collapsed=\u00bbon\u00bb global_colors_info=\u00bb{}\u00bb][et_pb_row _builder_version=\u00bb4.24.3&#8243; _module_preset=\u00bbdefault\u00bb max_width=\u00bbnone\u00bb global_colors_info=\u00bb{}\u00bb][et_pb_column type=\u00bb4_4&#8243; _builder_version=\u00bb4.24.3&#8243; _module_preset=\u00bbdefault\u00bb global_colors_info=\u00bb{}\u00bb][et_pb_heading title=\u00bbPlan de tratamiento individualizado\u00bb _builder_version=\u00bb4.27.0&#8243; _module_preset=\u00bbb8279eda-84ab-4a54-9e5b-cfdb50135a8d\u00bb title_text_align=\u00bbcenter\u00bb title_text_color=\u00bb#005f66&#8243; title_font_size=\u00bb40px\u00bb max_width=\u00bb1080%\u00bb global_colors_info=\u00bb{}\u00bb][\/et_pb_heading][\/et_pb_column][\/et_pb_row][et_pb_row column_structure=\u00bb1_2,1_2&#8243; use_custom_gutter=\u00bbon\u00bb gutter_width=\u00bb2&#8243; _builder_version=\u00bb4.24.3&#8243; _module_preset=\u00bbdefault\u00bb max_width=\u00bbnone\u00bb global_colors_info=\u00bb{}\u00bb][et_pb_column type=\u00bb1_2&#8243; _builder_version=\u00bb4.24.3&#8243; _module_preset=\u00bbdefault\u00bb global_colors_info=\u00bb{}\u00bb][et_pb_blurb title=\u00bbObjetivos\u00bb image=\u00bbhttps:\/\/centrodiaisol.isolmurcia.org\/wp-content\/uploads\/2024\/10\/chico1.jpg\u00bb _builder_version=\u00bb4.27.0&#8243; _module_preset=\u00bbdefault\u00bb header_font=\u00bbEncode Sans Condensed|600|||||||\u00bb header_text_align=\u00bbcenter\u00bb header_text_color=\u00bb#e88000&#8243; header_font_size=\u00bb22px\u00bb body_font=\u00bbJosefin Sans|500|||||||\u00bb body_font_size=\u00bb18px\u00bb global_colors_info=\u00bb{}\u00bb]<\/p>\n<ol>\n<li style=\"text-align: justify;\"><span>Abordaje integral: Brindar un tratamiento personalizado que aborde las necesidades espec\u00edficas de cada persona.<\/span><\/li>\n<li style=\"text-align: justify;\"><span>Deshabituaci\u00f3n y Recuperaci\u00f3n: Fomentar la deshabituaci\u00f3n de las conductas adictivas y promover la recuperaci\u00f3n de la salud f\u00edsica y mental.<\/span><\/li>\n<li style=\"text-align: justify;\"><span>Prevenci\u00f3n de Reca\u00eddas: Dotar de herramientas necesarias para prevenir reca\u00eddas y mantener la abstinencia.<\/span><\/li>\n<li style=\"text-align: justify;\"><span>Intervenci\u00f3n comunitaria: facilitar el desarrollo de proyectos de vida en la comunidad.<\/span><\/li>\n<\/ol>\n<p>[\/et_pb_blurb][\/et_pb_column][et_pb_column type=\u00bb1_2&#8243; _builder_version=\u00bb4.24.3&#8243; _module_preset=\u00bbdefault\u00bb global_colors_info=\u00bb{}\u00bb][et_pb_blurb title=\u00bbProceso de tratamiento\u00bb image=\u00bbhttps:\/\/centrodiaisol.isolmurcia.org\/wp-content\/uploads\/2024\/10\/entrevista.jpg\u00bb _builder_version=\u00bb4.27.0&#8243; _module_preset=\u00bbdefault\u00bb header_font=\u00bbEncode Sans Condensed|600|||||||\u00bb header_text_align=\u00bbcenter\u00bb header_text_color=\u00bb#e88000&#8243; header_font_size=\u00bb22px\u00bb body_font=\u00bbJosefin Sans|500|||||||\u00bb body_font_size=\u00bb18px\u00bb global_colors_info=\u00bb{}\u00bb]<\/p>\n<ol>\n<li><span>Evaluaci\u00f3n inicial: Entrevista exhaustiva para determinar las necesidades de la persona.<\/span><\/li>\n<li><span>Plan individual: elaboraci\u00f3n de un plan individualizado de intervenci\u00f3n adaptado a las necesidades de la persona.<\/span><\/li>\n<li><span>Terapia y seguimiento: Apoyo terap\u00e9utico durante el proceso de recuperaci\u00f3n y tras su finalizaci\u00f3n.<\/span><\/li>\n<li><span>Rehabilitaci\u00f3n e inclusi\u00f3n.<\/span><\/li>\n<\/ol>\n<p>[\/et_pb_blurb][\/et_pb_column][\/et_pb_row][et_pb_row column_structure=\u00bb1_2,1_2&#8243; use_custom_gutter=\u00bbon\u00bb gutter_width=\u00bb2&#8243; _builder_version=\u00bb4.24.3&#8243; _module_preset=\u00bbdefault\u00bb max_width=\u00bbnone\u00bb global_colors_info=\u00bb{}\u00bb][et_pb_column type=\u00bb1_2&#8243; _builder_version=\u00bb4.24.3&#8243; _module_preset=\u00bbdefault\u00bb global_colors_info=\u00bb{}\u00bb][et_pb_blurb title=\u00bbModelo centrado en la persona\u00bb image=\u00bbhttps:\/\/centrodiaisol.isolmurcia.org\/wp-content\/uploads\/2024\/10\/chicayo.jpg\u00bb _builder_version=\u00bb4.27.0&#8243; _module_preset=\u00bbdefault\u00bb header_font=\u00bbEncode Sans Condensed|600|||||||\u00bb header_text_align=\u00bbcenter\u00bb header_text_color=\u00bb#e88000&#8243; header_font_size=\u00bb22px\u00bb body_font=\u00bbJosefin Sans|500|||||||\u00bb body_font_size=\u00bb18px\u00bb global_colors_info=\u00bb{}\u00bb]<\/p>\n<ol>\n<li><span>Derechos humanos.<\/span><\/li>\n<li><span>Participaci\u00f3n.<\/span><\/li>\n<li>Compromiso.<span><\/span><\/li>\n<li>Responsabilidad.<span><\/span><\/li>\n<li><span>Autonom\u00eda.<\/span><\/li>\n<li style=\"text-align: justify;\">Flexibilidad.<\/li>\n<\/ol>\n<p>[\/et_pb_blurb][\/et_pb_column][et_pb_column type=\u00bb1_2&#8243; _builder_version=\u00bb4.24.3&#8243; _module_preset=\u00bbdefault\u00bb global_colors_info=\u00bb{}\u00bb][et_pb_blurb title=\u00bbEquipo multidisciplinar\/Intervenci\u00f3n interdisciplinar\u00bb image=\u00bbhttps:\/\/centrodiaisol.isolmurcia.org\/wp-content\/uploads\/2024\/10\/grupal2.jpg\u00bb _builder_version=\u00bb4.27.0&#8243; _module_preset=\u00bbdefault\u00bb header_font=\u00bbEncode Sans Condensed|600|||||||\u00bb header_text_align=\u00bbcenter\u00bb header_text_color=\u00bb#e88000&#8243; header_font_size=\u00bb22px\u00bb body_font=\u00bbJosefin Sans|500|||||||\u00bb body_font_size=\u00bb18px\u00bb global_colors_info=\u00bb{}\u00bb]<\/p>\n<ol>\n<li><span>\u00c1rea Terap\u00e9utica: Psicolog\u00eda sanitaria.<\/span><\/li>\n<li><span>\u00c1rea socio-familiar: Educaci\u00f3n social<\/span><\/li>\n<li><span>\u00c1rea formativo laboral: Trabajo social y Formaci\u00f3n Prelaboral.<\/span><\/li>\n<li><span>\u00c1rea sanitaria: Enfermer\u00eda.<\/span><\/li>\n<\/ol>\n<p>[\/et_pb_blurb][\/et_pb_column][\/et_pb_row][\/et_pb_section][et_pb_section fb_built=\u00bb1&#8243; admin_label=\u00bbHeader\u00bb module_id=\u00bbservicios\u00bb _builder_version=\u00bb4.27.0&#8243; _module_preset=\u00bbdefault\u00bb locked=\u00bboff\u00bb collapsed=\u00bbon\u00bb global_colors_info=\u00bb{}\u00bb][et_pb_row _builder_version=\u00bb4.24.3&#8243; _module_preset=\u00bbdefault\u00bb max_width=\u00bbnone\u00bb global_colors_info=\u00bb{}\u00bb][et_pb_column type=\u00bb4_4&#8243; _builder_version=\u00bb4.24.3&#8243; _module_preset=\u00bbdefault\u00bb global_colors_info=\u00bb{}\u00bb][et_pb_heading title=\u00bbServicios y actividades ofrecidos\u00bb _builder_version=\u00bb4.27.0&#8243; _module_preset=\u00bbb8279eda-84ab-4a54-9e5b-cfdb50135a8d\u00bb title_text_align=\u00bbcenter\u00bb title_text_color=\u00bb#005f66&#8243; title_font_size=\u00bb40px\u00bb max_width=\u00bb1080%\u00bb global_colors_info=\u00bb{}\u00bb][\/et_pb_heading][\/et_pb_column][\/et_pb_row][et_pb_row column_structure=\u00bb1_2,1_2&#8243; _builder_version=\u00bb4.24.3&#8243; _module_preset=\u00bbdefault\u00bb max_width=\u00bbnone\u00bb custom_margin=\u00bb30px||30px||true|false\u00bb custom_margin_tablet=\u00bb0px||30px||false|false\u00bb custom_margin_phone=\u00bb0px||30px||false|false\u00bb custom_margin_last_edited=\u00bbon|tablet\u00bb global_colors_info=\u00bb{}\u00bb][et_pb_column type=\u00bb1_2&#8243; _builder_version=\u00bb4.24.3&#8243; _module_preset=\u00bbdefault\u00bb global_colors_info=\u00bb{}\u00bb][et_pb_text _builder_version=\u00bb4.27.0&#8243; _module_preset=\u00bb67e8f28d-a19d-4931-97fc-93e753630578&#8243; text_line_height=\u00bb1.3em\u00bb max_width=\u00bb1080px\u00bb locked=\u00bboff\u00bb global_colors_info=\u00bb{}\u00bb]<\/p>\n<ol>\n<li><span>Intervenci\u00f3n individual y grupal: Sesiones personalizadas con un terapeuta especializado y un espacio para compartir experiencias, fortalecer la confianza y el apoyo mutuo.<\/span><\/li>\n<li><span>Actividades de ocio: Grupos, excursiones y actividades l\u00fadicas para fomentar el bienestar y la socializaci\u00f3n.<\/span><\/li>\n<li><span>Formaci\u00f3n laboral: competencias transversales y espec\u00edficas para el empleo.<\/span><\/li>\n<li><span>Acompa\u00f1amiento en la comunidad: Apoyo y eliminaci\u00f3n de barreras en el acceso a recursos comunitarios.<\/span><\/li>\n<li><span>Ayudas facilitadoras: <\/span><\/li>\n<\/ol>\n<ul>\n<li><span>Servicio de comedor.<\/span><\/li>\n<li><span>Servicio de transporte.<\/span><\/li>\n<li><span>Conciliaci\u00f3n familiar.<\/span><\/li>\n<li>Otros.<\/li>\n<\/ul>\n<p>[\/et_pb_text][\/et_pb_column][et_pb_column type=\u00bb1_2&#8243; _builder_version=\u00bb4.24.3&#8243; _module_preset=\u00bbdefault\u00bb global_colors_info=\u00bb{}\u00bb][et_pb_image src=\u00bbhttps:\/\/centrodiaisol.isolmurcia.org\/wp-content\/uploads\/2024\/10\/reunion-grupal.jpg\u00bb title_text=\u00bbreunion-grupal\u00bb _builder_version=\u00bb4.27.2&#8243; _module_preset=\u00bbdefault\u00bb global_colors_info=\u00bb{}\u00bb][\/et_pb_image][\/et_pb_column][\/et_pb_row][\/et_pb_section][et_pb_section fb_built=\u00bb1&#8243; admin_label=\u00bbHeader &#038; Contact\u00bb module_id=\u00bbcontacto\u00bb _builder_version=\u00bb4.27.0&#8243; _module_preset=\u00bbdefault\u00bb locked=\u00bboff\u00bb collapsed=\u00bboff\u00bb global_colors_info=\u00bb{}\u00bb][et_pb_row _builder_version=\u00bb4.24.3&#8243; _module_preset=\u00bbdefault\u00bb max_width=\u00bbnone\u00bb global_colors_info=\u00bb{}\u00bb][et_pb_column type=\u00bb4_4&#8243; _builder_version=\u00bb4.24.3&#8243; _module_preset=\u00bbdefault\u00bb global_colors_info=\u00bb{}\u00bb][et_pb_heading title=\u00bbContacto\u00bb _builder_version=\u00bb4.27.0&#8243; _module_preset=\u00bbb8279eda-84ab-4a54-9e5b-cfdb50135a8d\u00bb title_text_align=\u00bbcenter\u00bb title_text_color=\u00bb#005f66&#8243; title_font_size=\u00bb40px\u00bb max_width=\u00bb1080%\u00bb global_colors_info=\u00bb{}\u00bb][\/et_pb_heading][\/et_pb_column][\/et_pb_row][et_pb_row column_structure=\u00bb1_2,1_2&#8243; _builder_version=\u00bb4.24.3&#8243; _module_preset=\u00bbdefault\u00bb max_width=\u00bbnone\u00bb global_colors_info=\u00bb{}\u00bb][et_pb_column type=\u00bb1_2&#8243; _builder_version=\u00bb4.24.3&#8243; _module_preset=\u00bbdefault\u00bb global_colors_info=\u00bb{}\u00bb][et_pb_contact_form captcha=\u00bboff\u00bb _builder_version=\u00bb4.27.0&#8243; _module_preset=\u00bbdefault\u00bb _unique_id=\u00bb7bc37cb4-37c6-463c-be17-f307260a24de\u00bb form_field_background_color=\u00bbRGBA(255,255,255,0)\u00bb form_field_focus_text_color=\u00bb#000000&#8243; form_field_font=\u00bbJosefin Sans||||||||\u00bb form_field_font_size=\u00bb16px\u00bb form_field_line_height=\u00bb1.8em\u00bb custom_button=\u00bbon\u00bb button_text_size=\u00bb14px\u00bb button_text_color=\u00bb#FFFFFF\u00bb button_bg_color=\u00bbgcid-c7d8f091-13fc-48ff-a161-01fd58ed72d5&#8243; button_border_width=\u00bb0px\u00bb button_border_radius=\u00bb0px\u00bb button_font=\u00bbEncode Sans Condensed|700|||||||\u00bb button_icon=\u00bb&#x24;||divi||400&#8243; button_custom_padding=\u00bb18px|40px|18px|40px|true|true\u00bb form_field_font_size_tablet=\u00bb15px\u00bb form_field_font_size_phone=\u00bb14px\u00bb form_field_font_size_last_edited=\u00bbon|desktop\u00bb border_width_all=\u00bb2px\u00bb border_color_all=\u00bbrgba(0,0,0,0.15)\u00bb global_colors_info=\u00bb{%22gcid-c7d8f091-13fc-48ff-a161-01fd58ed72d5%22:%91%22button_bg_color%22%93}\u00bb][et_pb_contact_field field_id=\u00bbName\u00bb field_title=\u00bbNombre\u00bb fullwidth_field=\u00bbon\u00bb _builder_version=\u00bb4.27.0&#8243; _module_preset=\u00bbdefault\u00bb global_colors_info=\u00bb{}\u00bb button_text_size__hover_enabled=\u00bboff\u00bb button_one_text_size__hover_enabled=\u00bboff\u00bb button_two_text_size__hover_enabled=\u00bboff\u00bb button_text_color__hover_enabled=\u00bboff\u00bb button_one_text_color__hover_enabled=\u00bboff\u00bb button_two_text_color__hover_enabled=\u00bboff\u00bb button_border_width__hover_enabled=\u00bboff\u00bb button_one_border_width__hover_enabled=\u00bboff\u00bb button_two_border_width__hover_enabled=\u00bboff\u00bb button_border_color__hover_enabled=\u00bboff\u00bb button_one_border_color__hover_enabled=\u00bboff\u00bb button_two_border_color__hover_enabled=\u00bboff\u00bb button_border_radius__hover_enabled=\u00bboff\u00bb button_one_border_radius__hover_enabled=\u00bboff\u00bb button_two_border_radius__hover_enabled=\u00bboff\u00bb button_letter_spacing__hover_enabled=\u00bboff\u00bb button_one_letter_spacing__hover_enabled=\u00bboff\u00bb button_two_letter_spacing__hover_enabled=\u00bboff\u00bb button_bg_color__hover_enabled=\u00bboff\u00bb button_one_bg_color__hover_enabled=\u00bboff\u00bb button_two_bg_color__hover_enabled=\u00bboff\u00bb][\/et_pb_contact_field][et_pb_contact_field field_id=\u00bbEmail\u00bb field_title=\u00bbCorreo electr\u00f3nico\u00bb field_type=\u00bbemail\u00bb fullwidth_field=\u00bbon\u00bb _builder_version=\u00bb4.27.0&#8243; _module_preset=\u00bbdefault\u00bb global_colors_info=\u00bb{}\u00bb button_text_size__hover_enabled=\u00bboff\u00bb button_one_text_size__hover_enabled=\u00bboff\u00bb button_two_text_size__hover_enabled=\u00bboff\u00bb button_text_color__hover_enabled=\u00bboff\u00bb button_one_text_color__hover_enabled=\u00bboff\u00bb button_two_text_color__hover_enabled=\u00bboff\u00bb button_border_width__hover_enabled=\u00bboff\u00bb button_one_border_width__hover_enabled=\u00bboff\u00bb button_two_border_width__hover_enabled=\u00bboff\u00bb button_border_color__hover_enabled=\u00bboff\u00bb button_one_border_color__hover_enabled=\u00bboff\u00bb button_two_border_color__hover_enabled=\u00bboff\u00bb button_border_radius__hover_enabled=\u00bboff\u00bb button_one_border_radius__hover_enabled=\u00bboff\u00bb button_two_border_radius__hover_enabled=\u00bboff\u00bb button_letter_spacing__hover_enabled=\u00bboff\u00bb button_one_letter_spacing__hover_enabled=\u00bboff\u00bb button_two_letter_spacing__hover_enabled=\u00bboff\u00bb button_bg_color__hover_enabled=\u00bboff\u00bb button_one_bg_color__hover_enabled=\u00bboff\u00bb button_two_bg_color__hover_enabled=\u00bboff\u00bb][\/et_pb_contact_field][et_pb_contact_field field_id=\u00bbMessage\u00bb field_title=\u00bbAsunto\u00bb field_type=\u00bbtext\u00bb fullwidth_field=\u00bbon\u00bb _builder_version=\u00bb4.27.0&#8243; _module_preset=\u00bbdefault\u00bb global_colors_info=\u00bb{}\u00bb button_text_size__hover_enabled=\u00bboff\u00bb button_one_text_size__hover_enabled=\u00bboff\u00bb button_two_text_size__hover_enabled=\u00bboff\u00bb button_text_color__hover_enabled=\u00bboff\u00bb button_one_text_color__hover_enabled=\u00bboff\u00bb button_two_text_color__hover_enabled=\u00bboff\u00bb button_border_width__hover_enabled=\u00bboff\u00bb button_one_border_width__hover_enabled=\u00bboff\u00bb button_two_border_width__hover_enabled=\u00bboff\u00bb button_border_color__hover_enabled=\u00bboff\u00bb button_one_border_color__hover_enabled=\u00bboff\u00bb button_two_border_color__hover_enabled=\u00bboff\u00bb button_border_radius__hover_enabled=\u00bboff\u00bb button_one_border_radius__hover_enabled=\u00bboff\u00bb button_two_border_radius__hover_enabled=\u00bboff\u00bb button_letter_spacing__hover_enabled=\u00bboff\u00bb button_one_letter_spacing__hover_enabled=\u00bboff\u00bb button_two_letter_spacing__hover_enabled=\u00bboff\u00bb button_bg_color__hover_enabled=\u00bboff\u00bb button_one_bg_color__hover_enabled=\u00bboff\u00bb button_two_bg_color__hover_enabled=\u00bboff\u00bb][\/et_pb_contact_field][\/et_pb_contact_form][\/et_pb_column][et_pb_column type=\u00bb1_2&#8243; _builder_version=\u00bb4.24.3&#8243; _module_preset=\u00bbdefault\u00bb global_colors_info=\u00bb{}\u00bb][et_pb_heading title=\u00bbDirecci\u00f3n\u00bb _builder_version=\u00bb4.27.0&#8243; _module_preset=\u00bb9303ffbc-98e9-49c3-b9bb-597bc9cb4369&#8243; border_color_all=\u00bbrgba(0,0,0,0.15)\u00bb border_width_bottom=\u00bb2px\u00bb locked=\u00bboff\u00bb global_colors_info=\u00bb{}\u00bb][\/et_pb_heading][et_pb_text quote_border_color=\u00bb#ff4d00&#8243; _builder_version=\u00bb4.27.0&#8243; _module_preset=\u00bbd40d10d6-73f5-4f47-ae9e-256efe868f27&#8243; link_text_color=\u00bb#ff4d00&#8243; global_colors_info=\u00bb{}\u00bb]<\/p>\n<p>Asociaci\u00f3n Murciana de Rehabiliaci\u00f3n Psicosocial.<br \/>Ctra. del Chorrico, km. 1<br \/>30500 &#8211; Molina de Segura &#8211; Murcia<\/p>\n<p>[\/et_pb_text][et_pb_heading title=\u00bbHorario\u00bb _builder_version=\u00bb4.27.0&#8243; _module_preset=\u00bb9303ffbc-98e9-49c3-b9bb-597bc9cb4369&#8243; border_color_all=\u00bbrgba(0,0,0,0.15)\u00bb border_width_bottom=\u00bb2px\u00bb locked=\u00bboff\u00bb global_colors_info=\u00bb{}\u00bb][\/et_pb_heading][et_pb_text quote_border_color=\u00bb#ff4d00&#8243; _builder_version=\u00bb4.27.0&#8243; _module_preset=\u00bbd40d10d6-73f5-4f47-ae9e-256efe868f27&#8243; link_text_color=\u00bb#ff4d00&#8243; locked=\u00bboff\u00bb global_colors_info=\u00bb{}\u00bb]<\/p>\n<p>De 9.00 h. a 16:30 h.<\/p>\n<p>[\/et_pb_text][et_pb_heading title=\u00bbContacto\u00bb _builder_version=\u00bb4.27.0&#8243; _module_preset=\u00bb9303ffbc-98e9-49c3-b9bb-597bc9cb4369&#8243; border_color_all=\u00bbrgba(0,0,0,0.15)\u00bb border_width_bottom=\u00bb2px\u00bb locked=\u00bboff\u00bb global_colors_info=\u00bb{}\u00bb][\/et_pb_heading][et_pb_text quote_border_color=\u00bb#ff4d00&#8243; _builder_version=\u00bb4.27.0&#8243; _module_preset=\u00bbd40d10d6-73f5-4f47-ae9e-256efe868f27&#8243; link_text_color=\u00bb#666666&#8243; locked=\u00bboff\u00bb global_colors_info=\u00bb{}\u00bb]623 343 543<br \/>\n<a href=\"mailto:ngarcia@isolmurcia.org\">ngarcia@isolmurcia.org<\/a><\/p>\n<p>&nbsp;[\/et_pb_text][\/et_pb_column][\/et_pb_row][\/et_pb_section][et_pb_section fb_built=\u00bb1&#8243; admin_label=\u00bbMap\u00bb _builder_version=\u00bb4.24.3&#8243; _module_preset=\u00bbdefault\u00bb locked=\u00bboff\u00bb collapsed=\u00bbon\u00bb global_colors_info=\u00bb{}\u00bb][et_pb_row _builder_version=\u00bb4.24.3&#8243; _module_preset=\u00bbdefault\u00bb max_width=\u00bbnone\u00bb custom_padding=\u00bb0px||0px||true|false\u00bb global_colors_info=\u00bb{}\u00bb][et_pb_column type=\u00bb4_4&#8243; _builder_version=\u00bb4.24.3&#8243; _module_preset=\u00bbdefault\u00bb global_colors_info=\u00bb{}\u00bb][et_pb_map address=\u00bbAsociaci\u00f3n Murciana de Rehabilitaci\u00f3Carretera del Chorrico, s\/n, 30500 Molina de Segura, Murcia, Espa\u00f1a\u00bb address_lat=\u00bb38.061846&#8243; address_lng=\u00bb-1.1946845&#8243; mouse_wheel=\u00bboff\u00bb _builder_version=\u00bb4.27.0&#8243; _module_preset=\u00bbdefault\u00bb height=\u00bb560px\u00bb filter_saturate=\u00bb0%\u00bb global_colors_info=\u00bb{}\u00bb][et_pb_map_pin title=\u00bbCentro de D\u00eda Conductas Adictivas ISOL\u00bb pin_address=\u00bbCarretera del Chorrico, s\/n, 30500, Molina de Segura, Murcia, Espa\u00f1a\u00bb pin_address_lat=\u00bb38.061846&#8243; pin_address_lng=\u00bb-1.1946845&#8243; _builder_version=\u00bb4.27.0&#8243; _module_preset=\u00bbdefault\u00bb global_colors_info=\u00bb{}\u00bb][\/et_pb_map_pin][\/et_pb_map][\/et_pb_column][\/et_pb_row][\/et_pb_section]<\/p>\n","protected":false},"excerpt":{"rendered":"<p>El Centro de D\u00eda de conductas adictivas \u201cISOL\u201d es un espacio dedicado a la recuperaci\u00f3n de personas con problemas de adicci\u00f3n y\/o patolog\u00eda dual. Ofrecemos r\u00e9gimen de estancia diurna para promover la participaci\u00f3n activa de las personas en su proceso de deshabituaci\u00f3n y recuperaci\u00f3n sin que abandonen su entorno. Con horario de 9.00 a 16.30. [&hellip;]<\/p>\n","protected":false},"author":1,"featured_media":0,"parent":0,"menu_order":0,"comment_status":"closed","ping_status":"closed","template":"","meta":{"_et_pb_use_builder":"on","_et_pb_old_content":"","_et_gb_content_width":"","footnotes":""},"class_list":["post-9","page","type-page","status-publish","hentry"],"_links":{"self":[{"href":"https:\/\/centrodiaisol.isolmurcia.org\/index.php?rest_route=\/wp\/v2\/pages\/9","targetHints":{"allow":["GET"]}}],"collection":[{"href":"https:\/\/centrodiaisol.isolmurcia.org\/index.php?rest_route=\/wp\/v2\/pages"}],"about":[{"href":"https:\/\/centrodiaisol.isolmurcia.org\/index.php?rest_route=\/wp\/v2\/types\/page"}],"author":[{"embeddable":true,"href":"https:\/\/centrodiaisol.isolmurcia.org\/index.php?rest_route=\/wp\/v2\/users\/1"}],"replies":[{"embeddable":true,"href":"https:\/\/centrodiaisol.isolmurcia.org\/index.php?rest_route=%2Fwp%2Fv2%2Fcomments&post=9"}],"version-history":[{"count":27,"href":"https:\/\/centrodiaisol.isolmurcia.org\/index.php?rest_route=\/wp\/v2\/pages\/9\/revisions"}],"predecessor-version":[{"id":104,"href":"https:\/\/centrodiaisol.isolmurcia.org\/index.php?rest_route=\/wp\/v2\/pages\/9\/revisions\/104"}],"wp:attachment":[{"href":"https:\/\/centrodiaisol.isolmurcia.org\/index.php?rest_route=%2Fwp%2Fv2%2Fmedia&parent=9"}],"curies":[{"name":"wp","href":"https:\/\/api.w.org\/{rel}","templated":true}]}}